{"id":7144,"date":"2020-10-13T10:57:53","date_gmt":"2020-10-13T10:57:53","guid":{"rendered":"https:\/\/emporiozani.com\/shop\/uncategorized\/pentola-a-pressione-orange-4-lt\/"},"modified":"2020-10-13T10:57:53","modified_gmt":"2020-10-13T10:57:53","slug":"pentola-a-pressione-orange-4-lt","status":"publish","type":"product","link":"https:\/\/emporiozani.com\/en\/shop\/emporio-zani-en\/in-the-kitchen\/pentola-a-pressione-orange-4-lt\/","title":{"rendered":"Pentola a pressione &#8220;ORANGE&#8221; 4 lt"},"content":{"rendered":"<p>Strumento sicuro e sempre attuale, comoda, pratica, la pentola a pressione permette di cucinare in modo veloce, garantendo al contempo una cottura uniforme e sana, povera di grassi e ricca di sostanze nutrienti, che ben si adatta ai pi\u00f9 attuali trend alimentari. Risparmio di tempo, flessibilit\u00e0 e semplicit\u00e0 d\u2019uso, unitamente ad un ingombro di spazio pi\u00f9 limitato rispetto alle batterie di pentole tradizionali, sono caratteristiche spesso fondamentali. Ricercate in particolare da single e giovani coppie, sempre pi\u00f9 attenti alla ricerca del prodotto utile e tecnologico, con l\u2019occhio al prezzo, ma senza rinunciare mai alla qualit\u00e0. Emporio Zani propone \u201cORANGE\u201d, pentola a pressione studiata per offrire all\u2019utilizzatore un oggetto dall\u2019ottimo rapporto qualit\u00e0 prezzo, senza dover per questo scendere a compromessi. Corpo in acciaio Inox 18\/10, apertura facilitata grazie allo speciale pulsante e maniglie ergonomiche studiate per garantire una presa migliore, Orange si caratterizza per la sicurezza e la praticit\u00e0 d\u2019uso. Compatibile con piani di cottura a gas, piastre elettriche, vetroceramica e induzione, Orange \u00e8 dotata di triplofondo termodiffusore (acciaio, alluminio, acciaio) che grazie ad una maggiore e pi\u00f9 omogenea condizione di calore, previene inutili sprechi d\u2019energia. Facile da maneggiare, facile da aprire e chiudere, attenta ai costi, Orange \u00e8 la pentola a pressione per tutti i giorni, per tutti.<\/p>\n","protected":false},"excerpt":{"rendered":"<p>Pentola a pressione in acciaio, capacit\u00e0 4,5 litri<\/p>\n","protected":false},"featured_media":7145,"template":"","meta":[],"product_cat":[1874],"product_tag":[],"_links":{"self":[{"href":"https:\/\/emporiozani.com\/en\/wp-json\/wp\/v2\/product\/7144"}],"collection":[{"href":"https:\/\/emporiozani.com\/en\/wp-json\/wp\/v2\/product"}],"about":[{"href":"https:\/\/emporiozani.com\/en\/wp-json\/wp\/v2\/types\/product"}],"wp:featuredmedia":[{"embeddable":true,"href":"https:\/\/emporiozani.com\/en\/wp-json\/wp\/v2\/media\/7145"}],"wp:attachment":[{"href":"https:\/\/emporiozani.com\/en\/wp-json\/wp\/v2\/media?parent=7144"}],"wp:term":[{"taxonomy":"product_cat","embeddable":true,"href":"https:\/\/emporiozani.com\/en\/wp-json\/wp\/v2\/product_cat?post=7144"},{"taxonomy":"product_tag","embeddable":true,"href":"https:\/\/emporiozani.com\/en\/wp-json\/wp\/v2\/product_tag?post=7144"}],"curies":[{"name":"wp","href":"https:\/\/api.w.org\/{rel}","templated":true}]}}