{"id":6455,"date":"2020-10-13T12:08:39","date_gmt":"2020-10-13T12:08:39","guid":{"rendered":"https:\/\/emporiozani.com\/shop\/uncategorized\/tovaglia-240x140-cm\/"},"modified":"2020-10-13T12:08:39","modified_gmt":"2020-10-13T12:08:39","slug":"tovaglia-240x140-cm","status":"publish","type":"product","link":"https:\/\/emporiozani.com\/en\/shop\/table-linen\/tablecloth\/tovaglia-240x140-cm\/","title":{"rendered":"Tovaglia 240&#215;140 cm"},"content":{"rendered":"<p>Tovaglia ecologica 140&#215;240 cm: 100% cotone, biologico, naturale, compostabile. Le tovaglie Cotton-One\u00ae uniscono la comodit\u00e0\u00a0del monouso alla qualit\u00e0 e naturalit\u00e0 del cotone.<\/p>\n<p>&#8220;CottonOne \u00e8 una rivoluzione nel mondo monouso. CottonOne propone tovagliato monouso in 100% PURO COTONE, sia per gli operatori professionali che per i consumatori finali. Tutto viene prodotto nel pieno rispetto dell\u2019ambiente, per offrire un prodotto 100% naturale, ecologico, biodegradabile e soprattutto compostabile.<\/p>\n<p><strong>PERCHE\u2019 TOVAGLIOLI MONOUSO?<\/strong><\/p>\n<ul>\n<li>garanzia di igiene assoluta in quanto mono-uso<\/li>\n<li>risparmio immediato per ogni coperto<\/li>\n<li>rinnovamento frequente della tavola (o del locale)<\/li>\n<\/ul>\n<p><strong>PERCHE\u2019 100% PURO COTONE?<\/strong><\/p>\n<ul>\n<li>100% biodegradabile e compostabile<\/li>\n<li>morbidezza sulla pelle<\/li>\n<li>anallergico<\/li>\n<li>iper resistente allo strappo<\/li>\n<li>altissima capacita\u2019 assorbente<\/li>\n<\/ul>\n<p><strong>ECOLOGICO<\/strong> (prodotto di derivazione agricola)<\/p>\n<p>Il mercato attuale, oltre alla stoffa, offre soluzioni in carta o tessuto non tessuto prodotto con viscosa, poliestere, polipropilene o altre fibre sintetiche derivanti da petrolio. Il tovagliato CottonOne invece, essendo composto al 100% da PURO COTONE, offre i seguenti vantaggi:<\/p>\n<p>1: FONTE ECOLOGICA E RINNOVABILE: Il cotone \u00e8 una fibra naturale che deriva da coltura Agricola il cui ciclo di fioritura varia dagli 8 ai 9 mesi. UN ALBERO INVECE PER FORMARSI HA BISOGNO DI MINIMO 20 ANNI. Da questo si evince quanti alberi potrebbero essere salvati con il solo uso di tovaglioli in cotone invece che carta. Un discorso a parte meriterebbero I tovaglioli in tessuto non tessuto tradizionali che non sono n\u00e9 biologici n\u00e9 biodegradabili e pertanto dannosi per l\u2019ambiente. Anche I tovaglioli in stoffa, dati i frequenti lavaggi con prodotti chimici , hanno un effetto negativo sull\u2019ambiente.<\/p>\n<p>2: MORBIDEZZA: Il confort eccezionale e la sofficit\u00e0 al tatto derivano dalla natura della materia prima: 100% puro cotone.<\/p>\n<p>3: SUPER ASSORBENZA: Un grammo di cotone assorbe 16 volte il suo peso.<\/p>\n<p>4: PRATICIT\u00c0: Rispetto ad un tradizionale tovagliolo di stoffa i CottonOne permettono di eliminare i tradizionali costi di lavanderia. \u00c9 inoltre possibile rinnovare facilmente e senza costi la tavola o il locale scegliendo fra diverse fantasie e colori.<\/p>\n<p>5: PULIZIA E IGIENE: Un tovagliolo nuovo ad ogni utilizzo, nessuno dovr\u00e0 pi\u00f9 pulirsi la bocca dove gi\u00e0 10, 100, 1000 altri se la sono gi\u00e0 pulita.<\/p>\n<p>6: RESISTENZA: L\u2019unico tovagliolo monouso pi\u00f9 resistente da bagnato che da asciutto. I prodotti concorrenti al contatto con l\u2019acqua si disintegrano.<\/p>\n<p>7: COMPOSTABILIT\u00c0 \u00a0Il tovagliato Cotton-One\u00ae pu\u00f2 essere smaltito come compost, il cotone ha infatti una compostabilit\u00e0 di 28 giorni.<\/p>\n<p><strong>UNICO!<\/strong><\/p>\n<p>Disegnato e prodotto nel pieno rispetto dell\u2019ambiente, CottonOne \u00e8 un prodotto 100% naturale, ecologico, biodegradabile e soprattutto compostabile! CottonOne rivoluziona il mercato del tovagliato introducendo un nuovo tessuto 100% PURO COTONE.<\/p>\n<p>Diversamente dai prodotti in carta o in tessuto non tessuto (TNT), quali viscosa, poliestere, polipropilene o altre fibre sintetiche prodotte o trattate con additivi chimici, CottonOne \u00e8 l\u2019unico 100% ecosostenibile e rispetta l\u2019uomo e l\u2019ambiente.<\/p>\n<p>Cosa offre Cotton-One: Ecologicit\u00e0 e Rinnovabilit\u00e0.<\/p>\n<p>Il cotone \u00e8 una fibra 100% naturale, deriva da una cultura agricola il cui ciclo di fioritura varia dagli 8 ai 9 mesi. Biodegradabilit\u00e0 e Compostabilit\u00e0. I prodotti Cotton-One\u00ae si possono smaltire nel compost o nell\u2019umido grazie alla biodegradabilit\u00e0 del cotone che avviene in 28 giorni. Morbidezza. I nostri prodotti sono morbidi e delicati a contatto con la pelle. Assorbenza. Un grammo di cotone assorbe 16 volte il proprio peso. Resistenza. La speciale trama di cotone che forma il telo del semilavorato, rende i prodotti Cotton-One\u00ae estremamente resistenti anche da bagnati.<\/p>\n<p>CERTIFICATO IFS HPC.<\/p>\n<p>Il certificato del settore pi\u00f9 stringente e difficile da ottenere oggi. Cosa garantisce questo certificato? Il fine ultimo di questo standard \u00e8 di garantire che i prodotti per la casa e al cura della persona siano prodotti di qualit\u00e0, sicuri e conformi alle severe regole dettate dal mercato comunitario.<\/p>\n<p>BIODEGRADABILITA\u2019 E COMPOSTABILITA\u2019.<\/p>\n<p>Cotton-One \u00e8 certificato a norma UNI ENI 13432- 200 tramite \u201cInnovhub stazioni sperimentali per l\u2019industria\u201d \u2013 laboratorio certificato ACCREDIA. Il rapporto di prova N. RTP SSS 170070, ottenuto dall\u2019esito positivo della certificazione, sancisce che i prodotti Cotton-One\u00ae sono 100% compostabili.<\/p>\n<p>CONTATTO ALIMENTARE.<\/p>\n<p>Il regolamento CE 1935\/2004 dispone: qualsiasi materiale ed oggetto, destinato ad essere messo a contatto con prodotti alimentari, deve seguire specifiche misure prima di essere immesso sul mercato. Cotton-One\u00ae ha adottato i seguenti certificati: N. 0351LP\/2016 del 24\/11\/16 N. 0352LP\/2016 del 24\/11\/16 BIOLOGICO. La certificazione ICEA, per i prodotti tessili in fibre naturali da agricoltura biologica \u00e8 la pi\u00f9 utilizzata nel campo bio, poich\u00e9 offre al consumatore notevoli garanzie in fatto di affidabilit\u00e0 e naturalezza. La certificazione garantisce: un prodotto privo di sostanze potenzialmente dannose per l\u2019uomo o per l\u2019ambiente e un prodotto sottoposto a severi controlli, in grado di garantire l\u2018utilizzo di formulazioni sicure e naturali. La citata certificazione \u00e8 in accordo con i requisiti fissati da Global Organic Textile Standard (GOTS) e Organic Content Standard (OCS). I prodotti Cotton-One\u00ae sono 100% biodegradabili, 100% compostabili, ma non solo&#8230; Fermo restando che la sua funzione primaria di CottonOne \u00e8 sostituire i prodotti usa e getta, in carta o tnt composti principalmente da materiali nocivi, sia per l&#8217;uomo che per l\u2019ambiente, e che sono trattati con additivi chimici, \u00e8 possibile lavare le tovaglie (non i tovaglioli) 2\/3 volte a massimo 30\u00b0 e poi stirarle. Dopo, tagliandole, dalle tovaglie si possono ricavare degli ottimi strofinacci, perfetti per pulire qualunque superficie, grazie all&#8217;elevato potere assorbente del cotone, introducendo cos\u00ec il concetto di usa e ricicla nel tovagliato.<\/p>\n<p>TOVAGLIATO COMPOSTABILE 100% PURO COTONE CottonOne\u00ae \u00e8 un marchio di Zani Serafino s.r.l. Lumezzane (BS)&#8221;<\/p>\n","protected":false},"excerpt":{"rendered":"<p>Tovaglia ecologica 140&#215;240 cm: 100% cotone, biologico, naturale, compostabile. Le tovaglie Cotton-One\u00ae uniscono la comodit\u00e0\u00a0del monouso alla qualit\u00e0 e naturalit\u00e0 del cotone<\/p>\n","protected":false},"featured_media":6468,"template":"","meta":[],"product_cat":[1867,1870],"product_tag":[],"_links":{"self":[{"href":"https:\/\/emporiozani.com\/en\/wp-json\/wp\/v2\/product\/6455"}],"collection":[{"href":"https:\/\/emporiozani.com\/en\/wp-json\/wp\/v2\/product"}],"about":[{"href":"https:\/\/emporiozani.com\/en\/wp-json\/wp\/v2\/types\/product"}],"wp:featuredmedia":[{"embeddable":true,"href":"https:\/\/emporiozani.com\/en\/wp-json\/wp\/v2\/media\/6468"}],"wp:attachment":[{"href":"https:\/\/emporiozani.com\/en\/wp-json\/wp\/v2\/media?parent=6455"}],"wp:term":[{"taxonomy":"product_cat","embeddable":true,"href":"https:\/\/emporiozani.com\/en\/wp-json\/wp\/v2\/product_cat?post=6455"},{"taxonomy":"product_tag","embeddable":true,"href":"https:\/\/emporiozani.com\/en\/wp-json\/wp\/v2\/product_tag?post=6455"}],"curies":[{"name":"wp","href":"https:\/\/api.w.org\/{rel}","templated":true}]}}